{"id":163,"date":"2025-11-06T11:01:56","date_gmt":"2025-11-06T11:01:56","guid":{"rendered":"https:\/\/new.zivogosce-hr.com\/wp\/home-2\/"},"modified":"2026-03-03T13:49:07","modified_gmt":"2026-03-03T13:49:07","slug":"kontakt","status":"publish","type":"page","link":"https:\/\/new.zivogosce-hr.com\/wp\/kontakt\/","title":{"rendered":"Kontakt"},"content":{"rendered":"\t\t<div data-elementor-type=\"wp-page\" data-elementor-id=\"163\" class=\"elementor elementor-163\">\n\t\t\t\t\t\t<section class=\"elementor-section elementor-top-section elementor-element elementor-element-2f00e797 elementor-section-height-min-height elementor-section-boxed elementor-section-height-default elementor-section-items-middle wpr-particle-no wpr-jarallax-no wpr-parallax-no wpr-sticky-section-no\" data-id=\"2f00e797\" data-element_type=\"section\" data-settings=\"{&quot;background_background&quot;:&quot;classic&quot;}\">\n\t\t\t\t\t\t\t<div class=\"elementor-background-overlay\"><\/div>\n\t\t\t\t\t\t\t<div class=\"elementor-container elementor-column-gap-default\">\n\t\t\t\t\t<div class=\"elementor-column elementor-col-100 elementor-top-column elementor-element elementor-element-4c67c57\" data-id=\"4c67c57\" data-element_type=\"column\">\n\t\t\t<div class=\"elementor-widget-wrap elementor-element-populated\">\n\t\t\t\t\t\t<div class=\"elementor-element elementor-element-4fe60a2b elementor-widget elementor-widget-heading\" data-id=\"4fe60a2b\" data-element_type=\"widget\" data-widget_type=\"heading.default\">\n\t\t\t\t\t<h1 class=\"elementor-heading-title elementor-size-default\">Kontakt<\/h1>\t\t\t\t<\/div>\n\t\t\t\t\t<\/div>\n\t\t<\/div>\n\t\t\t\t\t<\/div>\n\t\t<\/section>\n\t\t<div class=\"elementor-element elementor-element-35a783c e-flex e-con-boxed wpr-particle-no wpr-jarallax-no wpr-parallax-no wpr-sticky-section-no e-con e-parent\" data-id=\"35a783c\" data-element_type=\"container\">\n\t\t\t\t\t<div class=\"e-con-inner\">\n\t\t\t\t<div class=\"elementor-element elementor-element-06b7f3d elementor-widget elementor-widget-text-editor\" data-id=\"06b7f3d\" data-element_type=\"widget\" data-widget_type=\"text-editor.default\">\n\t\t\t\t\t\t\t\t\t<h1 style=\"text-align: center;\"><strong><span style=\"color: #000000;\">Provjerite slobodne termine i nazovite :<\/span><\/strong><\/h1>\t\t\t\t\t\t\t\t<\/div>\n\t\t\t\t\t<\/div>\n\t\t\t\t<\/div>\n\t\t<div class=\"elementor-element elementor-element-521c62f e-flex e-con-boxed wpr-particle-no wpr-jarallax-no wpr-parallax-no wpr-sticky-section-no e-con e-parent\" data-id=\"521c62f\" data-element_type=\"container\">\n\t\t\t\t\t<div class=\"e-con-inner\">\n\t\t\t\t<div class=\"elementor-element elementor-element-265304a elementor-widget__width-initial elementor-absolute elementor-widget elementor-widget-html\" data-id=\"265304a\" data-element_type=\"widget\" data-settings=\"{&quot;_position&quot;:&quot;absolute&quot;}\" data-widget_type=\"html.default\">\n\t\t\t\t\t<div style=\"\nwidth:100vw;\nmargin-left:calc(-50vw + 50%);\nbackground:#ffffff;\npadding:12px 0;\ntext-align:center;\nfont-size:18px;\ncolor:#000;\nborder-bottom:1px solid #e5e5e5;\n\">\n\n  <div style=\"display:inline-flex; align-items:center; gap:22px;\">\n\n    <!-- Telefon -->\n    <a href=\"tel:+385915774604\" style=\"\n    display:inline-flex;\n    align-items:center;\n    gap:10px;\n    text-decoration:none;\n    color:#000;\n    font-weight:700;\">\n      \n      <svg width=\"22\" height=\"22\" viewBox=\"0 0 24 24\" fill=\"#000000\">\n        <path d=\"M6.6,10.8c1.4,2.8,3.7,5.1,6.5,6.5l2.2-2.2c0.3-0.3,0.7-0.4,1.1-0.3\n        c1.2,0.4,2.5,0.6,3.8,0.6c0.6,0,1,0.4,1,1v3.5\n        c0,0.6-0.4,1-1,1C10.1,21,3,13.9,3,5\n        c0-0.6,0.4-1,1-1H7.5\n        c0.6,0,1,0.4,1,1\n        c0,1.3,0.2,2.6,0.6,3.8\n        c0.1,0.4,0,0.8-0.3,1.1L6.6,10.8z\"\/>\n      <\/svg>\n\n      <span>+385 91 577 4604 \u2013 Vicenco Ala\u010d<\/span>\n    <\/a>\n\n    <!-- WhatsApp -->\n    <a href=\"https:\/\/wa.me\/385915774604\" target=\"_blank\" style=\"display:inline-flex; align-items:center;\">\n      <img decoding=\"async\" src=\"https:\/\/upload.wikimedia.org\/wikipedia\/commons\/6\/6b\/WhatsApp.svg\"\n           style=\"height:26px;\" alt=\"WhatsApp\">\n    <\/a>\n\n  <\/div>\n\n<\/div>\t\t\t\t<\/div>\n\t\t\t\t\t<\/div>\n\t\t\t\t<\/div>\n\t\t\t\t<section class=\"elementor-section elementor-top-section elementor-element elementor-element-4302396c elementor-section-boxed elementor-section-height-default elementor-section-height-default wpr-particle-no wpr-jarallax-no wpr-parallax-no wpr-sticky-section-no\" data-id=\"4302396c\" data-element_type=\"section\">\n\t\t\t\t\t\t<div class=\"elementor-container elementor-column-gap-no\">\n\t\t\t\t\t<div class=\"elementor-column elementor-col-100 elementor-top-column elementor-element elementor-element-790a44b6\" data-id=\"790a44b6\" data-element_type=\"column\">\n\t\t\t<div class=\"elementor-widget-wrap elementor-element-populated\">\n\t\t\t\t\t\t<div class=\"elementor-element elementor-element-18a824e7 elementor-widget elementor-widget-heading\" data-id=\"18a824e7\" data-element_type=\"widget\" data-widget_type=\"heading.default\">\n\t\t\t\t\t<h2 class=\"elementor-heading-title elementor-size-default\">\u010cesto postavljana pitanja<\/h2>\t\t\t\t<\/div>\n\t\t\t\t<div class=\"elementor-element elementor-element-9e2af2b elementor-widget elementor-widget-text-editor\" data-id=\"9e2af2b\" data-element_type=\"widget\" data-widget_type=\"text-editor.default\">\n\t\t\t\t\t\t\t\t\t<p>Kako bismo gostima olak\u0161ali planiranje odmora, pripremili smo odgovore na naj\u010de\u0161\u0107a pitanja o smje\u0161taju, sadr\u017eajima i lokaciji. Ovdje mo\u017eete brzo saznati sve \u0161to trebate znati prije dolaska u <strong data-start=\"313\" data-end=\"331\">apartmane Dra\u0161nice. S po\u0161tovanjem Vicenco Ala\u010d.<\/strong><\/p>\t\t\t\t\t\t\t\t<\/div>\n\t\t\t\t<div class=\"elementor-element elementor-element-38806ce1 elementor-invisible elementor-widget elementor-widget-eael-adv-accordion\" data-id=\"38806ce1\" data-element_type=\"widget\" data-settings=\"{&quot;_animation&quot;:&quot;fadeInRight&quot;}\" data-widget_type=\"eael-adv-accordion.default\">\n\t\t\t\t\t        <div class=\"eael-adv-accordion\" id=\"eael-adv-accordion-38806ce1\" data-scroll-on-click=\"no\" data-scroll-speed=\"300\" data-accordion-id=\"38806ce1\" data-accordion-type=\"toggle\" data-toogle-speed=\"300\">\n    <div class=\"eael-accordion-list\">\n                <div id=\"parking-\" class=\"elementor-tab-title eael-accordion-header\" tabindex=\"0\" data-tab=\"1\" aria-controls=\"elementor-tab-content-9471\"><span class=\"eael-accordion-tab-title\">Parking ?<\/span><span class=\"eael-advanced-accordion-icon-closed\"><svg aria-hidden=\"true\" class=\"fa-accordion-icon e-font-icon-svg e-fas-plus\" viewBox=\"0 0 448 512\" xmlns=\"http:\/\/www.w3.org\/2000\/svg\"><path d=\"M416 208H272V64c0-17.67-14.33-32-32-32h-32c-17.67 0-32 14.33-32 32v144H32c-17.67 0-32 14.33-32 32v32c0 17.67 14.33 32 32 32h144v144c0 17.67 14.33 32 32 32h32c17.67 0 32-14.33 32-32V304h144c17.67 0 32-14.33 32-32v-32c0-17.67-14.33-32-32-32z\"><\/path><\/svg><\/span><span class=\"eael-advanced-accordion-icon-opened\"><svg aria-hidden=\"true\" class=\"fa-accordion-icon e-font-icon-svg e-fas-minus\" viewBox=\"0 0 448 512\" xmlns=\"http:\/\/www.w3.org\/2000\/svg\"><path d=\"M416 208H32c-17.67 0-32 14.33-32 32v32c0 17.67 14.33 32 32 32h384c17.67 0 32-14.33 32-32v-32c0-17.67-14.33-32-32-32z\"><\/path><\/svg><\/span><\/div><div id=\"elementor-tab-content-9471\" class=\"eael-accordion-content clearfix\" data-tab=\"1\" aria-labelledby=\"parking-\"><p data-start=\"193\" data-end=\"465\">Da, svim na\u0161im gostima osiguran je besplatan privatni parking uz samu ku\u0107u.\u00a0<\/p><\/div>\n                <\/div><div class=\"eael-accordion-list\">\n                <div id=\"wifi-\" class=\"elementor-tab-title eael-accordion-header\" tabindex=\"0\" data-tab=\"2\" aria-controls=\"elementor-tab-content-9472\"><span class=\"eael-accordion-tab-title\">WiFi ?<\/span><span class=\"eael-advanced-accordion-icon-closed\"><svg aria-hidden=\"true\" class=\"fa-accordion-icon e-font-icon-svg e-fas-plus\" viewBox=\"0 0 448 512\" xmlns=\"http:\/\/www.w3.org\/2000\/svg\"><path d=\"M416 208H272V64c0-17.67-14.33-32-32-32h-32c-17.67 0-32 14.33-32 32v144H32c-17.67 0-32 14.33-32 32v32c0 17.67 14.33 32 32 32h144v144c0 17.67 14.33 32 32 32h32c17.67 0 32-14.33 32-32V304h144c17.67 0 32-14.33 32-32v-32c0-17.67-14.33-32-32-32z\"><\/path><\/svg><\/span><span class=\"eael-advanced-accordion-icon-opened\"><svg aria-hidden=\"true\" class=\"fa-accordion-icon e-font-icon-svg e-fas-minus\" viewBox=\"0 0 448 512\" xmlns=\"http:\/\/www.w3.org\/2000\/svg\"><path d=\"M416 208H32c-17.67 0-32 14.33-32 32v32c0 17.67 14.33 32 32 32h384c17.67 0 32-14.33 32-32v-32c0-17.67-14.33-32-32-32z\"><\/path><\/svg><\/span><\/div><div id=\"elementor-tab-content-9472\" class=\"eael-accordion-content clearfix\" data-tab=\"2\" aria-labelledby=\"wifi-\"><p>Da, u apartmanima je dostupan\u00a0 besplatan Wi-Fi. Signal pokriva sve apartmane, terase i okolni prostor, pa gosti mogu bez problema surfati, gledati sadr\u017eaje ili raditi na daljinu. Internet je stabilan i dovoljno brz za svakodnevnu upotrebu.<\/p><\/div>\n                <\/div><div class=\"eael-accordion-list\">\n                <div id=\"klima-\" class=\"elementor-tab-title eael-accordion-header\" tabindex=\"0\" data-tab=\"3\" aria-controls=\"elementor-tab-content-9473\"><span class=\"eael-accordion-tab-title\">Klima ?<\/span><span class=\"eael-advanced-accordion-icon-closed\"><svg aria-hidden=\"true\" class=\"fa-accordion-icon e-font-icon-svg e-fas-plus\" viewBox=\"0 0 448 512\" xmlns=\"http:\/\/www.w3.org\/2000\/svg\"><path d=\"M416 208H272V64c0-17.67-14.33-32-32-32h-32c-17.67 0-32 14.33-32 32v144H32c-17.67 0-32 14.33-32 32v32c0 17.67 14.33 32 32 32h144v144c0 17.67 14.33 32 32 32h32c17.67 0 32-14.33 32-32V304h144c17.67 0 32-14.33 32-32v-32c0-17.67-14.33-32-32-32z\"><\/path><\/svg><\/span><span class=\"eael-advanced-accordion-icon-opened\"><svg aria-hidden=\"true\" class=\"fa-accordion-icon e-font-icon-svg e-fas-minus\" viewBox=\"0 0 448 512\" xmlns=\"http:\/\/www.w3.org\/2000\/svg\"><path d=\"M416 208H32c-17.67 0-32 14.33-32 32v32c0 17.67 14.33 32 32 32h384c17.67 0 32-14.33 32-32v-32c0-17.67-14.33-32-32-32z\"><\/path><\/svg><\/span><\/div><div id=\"elementor-tab-content-9473\" class=\"eael-accordion-content clearfix\" data-tab=\"3\" aria-labelledby=\"klima-\"><p data-start=\"829\" data-end=\"1098\">Da, svi apartmani u Vili Filipovi\u0107 opremljeni su klimatizacijom. Kori\u0161tenje klime uklju\u010deno je u cijenu smje\u0161taja.<\/p><\/div>\n                <\/div><\/div>\t\t\t\t<\/div>\n\t\t\t\t\t<\/div>\n\t\t<\/div>\n\t\t\t\t\t<\/div>\n\t\t<\/section>\n\t\t<div class=\"elementor-element elementor-element-456b818 e-flex e-con-boxed wpr-particle-no wpr-jarallax-no wpr-parallax-no wpr-sticky-section-no e-con e-parent\" data-id=\"456b818\" data-element_type=\"container\">\n\t\t\t\t\t<div class=\"e-con-inner\">\n\t\t\t\t<div class=\"elementor-element elementor-element-f3ec06e elementor-widget__width-initial elementor-widget elementor-widget-google_maps\" data-id=\"f3ec06e\" data-element_type=\"widget\" data-widget_type=\"google_maps.default\">\n\t\t\t\t\t\t\t<div class=\"elementor-custom-embed\">\n\t\t\t<iframe loading=\"lazy\"\n\t\t\t\t\tsrc=\"https:\/\/maps.google.com\/maps?q=dra%C5%A1nice%20porat%2051&#038;t=m&#038;z=10&#038;output=embed&#038;iwloc=near\"\n\t\t\t\t\ttitle=\"dra\u0161nice porat 51\"\n\t\t\t\t\taria-label=\"dra\u0161nice porat 51\"\n\t\t\t><\/iframe>\n\t\t<\/div>\n\t\t\t\t\t\t<\/div>\n\t\t\t\t\t<\/div>\n\t\t\t\t<\/div>\n\t\t\t\t<\/div>\n\t\t","protected":false},"excerpt":{"rendered":"<p>Kontakt Provjerite slobodne termine i nazovite : +385 91 577 4604 \u2013 Vicenco Ala\u010d \u010cesto postavljana pitanja Kako bismo gostima olak\u0161ali planiranje odmora, pripremili smo odgovore na naj\u010de\u0161\u0107a pitanja o smje\u0161taju, sadr\u017eajima i lokaciji. Ovdje mo\u017eete brzo saznati sve \u0161to trebate znati prije dolaska u apartmane Dra\u0161nice. S po\u0161tovanjem Vicenco Ala\u010d. Parking ? Da, svim na\u0161im gostima osiguran je besplatan privatni parking uz samu ku\u0107u.\u00a0 WiFi ? Da, u apartmanima je dostupan\u00a0 besplatan Wi-Fi. Signal pokriva sve apartmane, terase i okolni prostor, pa gosti mogu bez problema surfati, gledati sadr\u017eaje ili raditi na daljinu. Internet je stabilan i dovoljno brz za svakodnevnu upotrebu. Klima ? Da, svi apartmani u Vili Filipovi\u0107 opremljeni su klimatizacijom. Kori\u0161tenje klime uklju\u010deno je u cijenu smje\u0161taja.<\/p>\n","protected":false},"author":1,"featured_media":0,"parent":0,"menu_order":0,"comment_status":"closed","ping_status":"closed","template":"","meta":{"_eb_attr":"","footnotes":""},"class_list":["post-163","page","type-page","status-publish","hentry"],"yoast_head":"<!-- This site is optimized with the Yoast SEO plugin v27.0 - https:\/\/yoast.com\/product\/yoast-seo-wordpress\/ -->\n<title>Kontakt \u2013 Apartmani \u017divogo\u0161\u0107e | Rezervacija Vila Filipovi\u0107<\/title>\n<meta name=\"description\" content=\"Kontaktirajte nas za rezervaciju apartmana u \u017divogo\u0161\u0107u. Brz odgovor, direktna rezervacija bez provizije i najbolja cijena na Makarskoj rivijeri.\" \/>\n<meta name=\"robots\" content=\"noindex, follow, max-snippet:-1, max-image-preview:large, max-video-preview:-1\" \/>\n<meta property=\"og:locale\" content=\"hr_HR\" \/>\n<meta property=\"og:type\" content=\"article\" \/>\n<meta property=\"og:title\" content=\"Kontakt i rezervacija \u2013 Apartmani \u017divogo\u0161\u0107e | Vila Filipovi\u0107\" \/>\n<meta property=\"og:description\" content=\"Po\u0161aljite upit i rezervirajte apartman u \u017divogo\u0161\u0107u direktno bez provizije. Brz odgovor i najbolja cijena.\" \/>\n<meta property=\"og:url\" content=\"https:\/\/new.zivogosce-hr.com\/wp\/kontakt\/\" \/>\n<meta property=\"og:site_name\" content=\"Kopija stranice\" \/>\n<meta property=\"article:publisher\" content=\"https:\/\/www.facebook.com\/vilafilipoviczivogosce\" \/>\n<meta property=\"article:modified_time\" content=\"2026-03-03T13:49:07+00:00\" \/>\n<meta property=\"og:image\" content=\"https:\/\/new.zivogosce-hr.com\/wp\/wp-content\/uploads\/2025\/11\/VilaFIlpovic.png\" \/>\n\t<meta property=\"og:image:width\" content=\"512\" \/>\n\t<meta property=\"og:image:height\" content=\"465\" \/>\n\t<meta property=\"og:image:type\" content=\"image\/png\" \/>\n<meta name=\"twitter:card\" content=\"summary_large_image\" \/>\n<meta name=\"twitter:label1\" content=\"Procijenjeno vrijeme \u010ditanja\" \/>\n\t<meta name=\"twitter:data1\" content=\"1 minuta\" \/>\n<script type=\"application\/ld+json\" class=\"yoast-schema-graph\">{\"@context\":\"https:\/\/schema.org\",\"@graph\":[{\"@type\":\"WebPage\",\"@id\":\"https:\/\/new.zivogosce-hr.com\/wp\/kontakt\/\",\"url\":\"https:\/\/new.zivogosce-hr.com\/wp\/kontakt\/\",\"name\":\"Kontakt \u2013 Apartmani \u017divogo\u0161\u0107e | Rezervacija Vila Filipovi\u0107\",\"isPartOf\":{\"@id\":\"https:\/\/new.zivogosce-hr.com\/wp\/#website\"},\"primaryImageOfPage\":{\"@id\":\"https:\/\/new.zivogosce-hr.com\/wp\/kontakt\/#primaryimage\"},\"image\":{\"@id\":\"https:\/\/new.zivogosce-hr.com\/wp\/kontakt\/#primaryimage\"},\"thumbnailUrl\":\"https:\/\/upload.wikimedia.org\/wikipedia\/commons\/6\/6b\/WhatsApp.svg\",\"datePublished\":\"2025-11-06T11:01:56+00:00\",\"dateModified\":\"2026-03-03T13:49:07+00:00\",\"description\":\"Kontaktirajte nas za rezervaciju apartmana u \u017divogo\u0161\u0107u. Brz odgovor, direktna rezervacija bez provizije i najbolja cijena na Makarskoj rivijeri.\",\"breadcrumb\":{\"@id\":\"https:\/\/new.zivogosce-hr.com\/wp\/kontakt\/#breadcrumb\"},\"inLanguage\":\"hr\",\"potentialAction\":[{\"@type\":\"ReadAction\",\"target\":[\"https:\/\/new.zivogosce-hr.com\/wp\/kontakt\/\"]}]},{\"@type\":\"ImageObject\",\"inLanguage\":\"hr\",\"@id\":\"https:\/\/new.zivogosce-hr.com\/wp\/kontakt\/#primaryimage\",\"url\":\"https:\/\/upload.wikimedia.org\/wikipedia\/commons\/6\/6b\/WhatsApp.svg\",\"contentUrl\":\"https:\/\/upload.wikimedia.org\/wikipedia\/commons\/6\/6b\/WhatsApp.svg\"},{\"@type\":\"BreadcrumbList\",\"@id\":\"https:\/\/new.zivogosce-hr.com\/wp\/kontakt\/#breadcrumb\",\"itemListElement\":[{\"@type\":\"ListItem\",\"position\":1,\"name\":\"Po\u010detna stranica\",\"item\":\"https:\/\/new.zivogosce-hr.com\/wp\/\"},{\"@type\":\"ListItem\",\"position\":2,\"name\":\"Kontakt\"}]},{\"@type\":\"WebSite\",\"@id\":\"https:\/\/new.zivogosce-hr.com\/wp\/#website\",\"url\":\"https:\/\/new.zivogosce-hr.com\/wp\/\",\"name\":\"Apartmani \u017divogo\u0161\u0107e - Vila Filipovic\",\"description\":\"Obiteljski apartmani u \u017divogo\u0161\u0107u\",\"publisher\":{\"@id\":\"https:\/\/new.zivogosce-hr.com\/wp\/#organization\"},\"potentialAction\":[{\"@type\":\"SearchAction\",\"target\":{\"@type\":\"EntryPoint\",\"urlTemplate\":\"https:\/\/new.zivogosce-hr.com\/wp\/?s={search_term_string}\"},\"query-input\":{\"@type\":\"PropertyValueSpecification\",\"valueRequired\":true,\"valueName\":\"search_term_string\"}}],\"inLanguage\":\"hr\"},{\"@type\":\"Organization\",\"@id\":\"https:\/\/new.zivogosce-hr.com\/wp\/#organization\",\"name\":\"Apartmani \u017divogo\u0161\u0107e - Vila Filipovic\",\"url\":\"https:\/\/new.zivogosce-hr.com\/wp\/\",\"logo\":{\"@type\":\"ImageObject\",\"inLanguage\":\"hr\",\"@id\":\"https:\/\/new.zivogosce-hr.com\/wp\/#\/schema\/logo\/image\/\",\"url\":\"https:\/\/new.zivogosce-hr.com\/wp\/wp-content\/uploads\/2025\/11\/Logo-Apartmani-Zivogosce-Vila-Filipovic-1.png\",\"contentUrl\":\"https:\/\/new.zivogosce-hr.com\/wp\/wp-content\/uploads\/2025\/11\/Logo-Apartmani-Zivogosce-Vila-Filipovic-1.png\",\"width\":344,\"height\":97,\"caption\":\"Apartmani \u017divogo\u0161\u0107e - Vila Filipovic\"},\"image\":{\"@id\":\"https:\/\/new.zivogosce-hr.com\/wp\/#\/schema\/logo\/image\/\"},\"sameAs\":[\"https:\/\/www.facebook.com\/vilafilipoviczivogosce\"]}]}<\/script>\n<!-- \/ Yoast SEO plugin. -->","yoast_head_json":{"title":"Kontakt \u2013 Apartmani \u017divogo\u0161\u0107e | Rezervacija Vila Filipovi\u0107","description":"Kontaktirajte nas za rezervaciju apartmana u \u017divogo\u0161\u0107u. Brz odgovor, direktna rezervacija bez provizije i najbolja cijena na Makarskoj rivijeri.","robots":{"index":"noindex","follow":"follow","max-snippet":"max-snippet:-1","max-image-preview":"max-image-preview:large","max-video-preview":"max-video-preview:-1"},"og_locale":"hr_HR","og_type":"article","og_title":"Kontakt i rezervacija \u2013 Apartmani \u017divogo\u0161\u0107e | Vila Filipovi\u0107","og_description":"Po\u0161aljite upit i rezervirajte apartman u \u017divogo\u0161\u0107u direktno bez provizije. Brz odgovor i najbolja cijena.","og_url":"https:\/\/new.zivogosce-hr.com\/wp\/kontakt\/","og_site_name":"Kopija stranice","article_publisher":"https:\/\/www.facebook.com\/vilafilipoviczivogosce","article_modified_time":"2026-03-03T13:49:07+00:00","og_image":[{"width":512,"height":465,"url":"https:\/\/new.zivogosce-hr.com\/wp\/wp-content\/uploads\/2025\/11\/VilaFIlpovic.png","type":"image\/png"}],"twitter_card":"summary_large_image","twitter_misc":{"Procijenjeno vrijeme \u010ditanja":"1 minuta"},"schema":{"@context":"https:\/\/schema.org","@graph":[{"@type":"WebPage","@id":"https:\/\/new.zivogosce-hr.com\/wp\/kontakt\/","url":"https:\/\/new.zivogosce-hr.com\/wp\/kontakt\/","name":"Kontakt \u2013 Apartmani \u017divogo\u0161\u0107e | Rezervacija Vila Filipovi\u0107","isPartOf":{"@id":"https:\/\/new.zivogosce-hr.com\/wp\/#website"},"primaryImageOfPage":{"@id":"https:\/\/new.zivogosce-hr.com\/wp\/kontakt\/#primaryimage"},"image":{"@id":"https:\/\/new.zivogosce-hr.com\/wp\/kontakt\/#primaryimage"},"thumbnailUrl":"https:\/\/upload.wikimedia.org\/wikipedia\/commons\/6\/6b\/WhatsApp.svg","datePublished":"2025-11-06T11:01:56+00:00","dateModified":"2026-03-03T13:49:07+00:00","description":"Kontaktirajte nas za rezervaciju apartmana u \u017divogo\u0161\u0107u. Brz odgovor, direktna rezervacija bez provizije i najbolja cijena na Makarskoj rivijeri.","breadcrumb":{"@id":"https:\/\/new.zivogosce-hr.com\/wp\/kontakt\/#breadcrumb"},"inLanguage":"hr","potentialAction":[{"@type":"ReadAction","target":["https:\/\/new.zivogosce-hr.com\/wp\/kontakt\/"]}]},{"@type":"ImageObject","inLanguage":"hr","@id":"https:\/\/new.zivogosce-hr.com\/wp\/kontakt\/#primaryimage","url":"https:\/\/upload.wikimedia.org\/wikipedia\/commons\/6\/6b\/WhatsApp.svg","contentUrl":"https:\/\/upload.wikimedia.org\/wikipedia\/commons\/6\/6b\/WhatsApp.svg"},{"@type":"BreadcrumbList","@id":"https:\/\/new.zivogosce-hr.com\/wp\/kontakt\/#breadcrumb","itemListElement":[{"@type":"ListItem","position":1,"name":"Po\u010detna stranica","item":"https:\/\/new.zivogosce-hr.com\/wp\/"},{"@type":"ListItem","position":2,"name":"Kontakt"}]},{"@type":"WebSite","@id":"https:\/\/new.zivogosce-hr.com\/wp\/#website","url":"https:\/\/new.zivogosce-hr.com\/wp\/","name":"Apartmani \u017divogo\u0161\u0107e - Vila Filipovic","description":"Obiteljski apartmani u \u017divogo\u0161\u0107u","publisher":{"@id":"https:\/\/new.zivogosce-hr.com\/wp\/#organization"},"potentialAction":[{"@type":"SearchAction","target":{"@type":"EntryPoint","urlTemplate":"https:\/\/new.zivogosce-hr.com\/wp\/?s={search_term_string}"},"query-input":{"@type":"PropertyValueSpecification","valueRequired":true,"valueName":"search_term_string"}}],"inLanguage":"hr"},{"@type":"Organization","@id":"https:\/\/new.zivogosce-hr.com\/wp\/#organization","name":"Apartmani \u017divogo\u0161\u0107e - Vila Filipovic","url":"https:\/\/new.zivogosce-hr.com\/wp\/","logo":{"@type":"ImageObject","inLanguage":"hr","@id":"https:\/\/new.zivogosce-hr.com\/wp\/#\/schema\/logo\/image\/","url":"https:\/\/new.zivogosce-hr.com\/wp\/wp-content\/uploads\/2025\/11\/Logo-Apartmani-Zivogosce-Vila-Filipovic-1.png","contentUrl":"https:\/\/new.zivogosce-hr.com\/wp\/wp-content\/uploads\/2025\/11\/Logo-Apartmani-Zivogosce-Vila-Filipovic-1.png","width":344,"height":97,"caption":"Apartmani \u017divogo\u0161\u0107e - Vila Filipovic"},"image":{"@id":"https:\/\/new.zivogosce-hr.com\/wp\/#\/schema\/logo\/image\/"},"sameAs":["https:\/\/www.facebook.com\/vilafilipoviczivogosce"]}]}},"_links":{"self":[{"href":"https:\/\/new.zivogosce-hr.com\/wp\/wp-json\/wp\/v2\/pages\/163","targetHints":{"allow":["GET"]}}],"collection":[{"href":"https:\/\/new.zivogosce-hr.com\/wp\/wp-json\/wp\/v2\/pages"}],"about":[{"href":"https:\/\/new.zivogosce-hr.com\/wp\/wp-json\/wp\/v2\/types\/page"}],"author":[{"embeddable":true,"href":"https:\/\/new.zivogosce-hr.com\/wp\/wp-json\/wp\/v2\/users\/1"}],"replies":[{"embeddable":true,"href":"https:\/\/new.zivogosce-hr.com\/wp\/wp-json\/wp\/v2\/comments?post=163"}],"version-history":[{"count":104,"href":"https:\/\/new.zivogosce-hr.com\/wp\/wp-json\/wp\/v2\/pages\/163\/revisions"}],"predecessor-version":[{"id":2990,"href":"https:\/\/new.zivogosce-hr.com\/wp\/wp-json\/wp\/v2\/pages\/163\/revisions\/2990"}],"wp:attachment":[{"href":"https:\/\/new.zivogosce-hr.com\/wp\/wp-json\/wp\/v2\/media?parent=163"}],"curies":[{"name":"wp","href":"https:\/\/api.w.org\/{rel}","templated":true}]}}